{"id":30,"date":"2021-05-24T15:35:15","date_gmt":"2021-05-24T18:35:15","guid":{"rendered":"http:\/\/190.7.19.51\/~coines864\/?page_id=30"},"modified":"2024-12-23T17:22:15","modified_gmt":"2024-12-23T20:22:15","slug":"about","status":"publish","type":"page","link":"https:\/\/coines.com.ar\/?page_id=30","title":{"rendered":"Sobre Nosotros"},"content":{"rendered":"\n\n\n<h1><span style=\"font-size:40.0pt;line-height:107%;\nfont-family:&quot;Calibri&quot;,sans-serif;mso-ascii-theme-font:minor-latin;mso-fareast-font-family:\nCalibri;mso-fareast-theme-font:minor-latin;mso-hansi-theme-font:minor-latin;\nmso-bidi-font-family:&quot;Times New Roman&quot;;mso-bidi-theme-font:minor-bidi;\nmso-ansi-language:ES-AR;mso-fareast-language:EN-US;mso-bidi-language:AR-SA\">Somos\nel Consorcio P\u00fablico de Gesti\u00f3n Intermunicipal de Residuos s\u00f3lidos urbanas de\nla zona Este de Mendoza (San Mart\u00edn, Jun\u00edn, Rivadavia, Santa Rosa y La Paz)<\/span><\/h1>\n<p>Recibimos\nen la planta de Disposici\u00f3n final los residuos domiciliarios y de grandes\ngeneradores de la zona Este para su posterior tratamiento y experiencias de\nreciclaje y reutilizaci\u00f3n.<br>Nuestra misi\u00f3n es realizar una correcta gesti\u00f3n de los RSU\nde toda la regi\u00f3n desde el origen hasta la disposici\u00f3n final incorporando los\nconceptos y valores del desarrollo sostenible. Queremos lograr una Zona Este\nSostenible con impacto ambiental, social y econ\u00f3mico<\/p>\n\n\n\n\n<h2>Nuestro Equipo:<\/h2>\n\n<h2><h4 class=\"MsoNormal\">Equipo de mantenimiento del CDF:&nbsp;&nbsp;<o:p><\/o:p><\/h4><\/h2>\n\n<h2><\/h2><h4 class=\"MsoNormal\"><h4 class=\"MsoNormal\">Consejo de Administraci\u00f3n:&nbsp;<o:p><\/o:p><\/h4><\/h4>\n<h5>Presidente:<\/h5>\n\n<h5>Consejeros Titulares:<\/h5>\n\n<h2><\/h2><h4 class=\"MsoNormal\"><\/h4><h4 class=\"MsoNormal\"><h4 class=\"MsoNormal\">\u00d3rgano Consultivo:&nbsp;<o:p><\/o:p><\/h4><\/h4>\n<h5>Por Rivadavia:<\/h5>\n\n<h5>Por Jun\u00edn:<\/h5>\n\n<h5>Por San Mart\u00edn:<\/h5>\n\n<h5>Por Santa Rosa:<\/h5>\n\n<h5>Por La Paz:<\/h5>\n\n\n\n","protected":false},"excerpt":{"rendered":"","protected":false},"author":0,"featured_media":0,"parent":0,"menu_order":0,"comment_status":"closed","ping_status":"closed","template":"","meta":{"pagelayer_contact_templates":[],"_pagelayer_content":"","footnotes":""},"class_list":["post-30","page","type-page","status-publish","hentry"],"_links":{"self":[{"href":"https:\/\/coines.com.ar\/index.php?rest_route=\/wp\/v2\/pages\/30","targetHints":{"allow":["GET"]}}],"collection":[{"href":"https:\/\/coines.com.ar\/index.php?rest_route=\/wp\/v2\/pages"}],"about":[{"href":"https:\/\/coines.com.ar\/index.php?rest_route=\/wp\/v2\/types\/page"}],"replies":[{"embeddable":true,"href":"https:\/\/coines.com.ar\/index.php?rest_route=%2Fwp%2Fv2%2Fcomments&post=30"}],"version-history":[{"count":23,"href":"https:\/\/coines.com.ar\/index.php?rest_route=\/wp\/v2\/pages\/30\/revisions"}],"predecessor-version":[{"id":389,"href":"https:\/\/coines.com.ar\/index.php?rest_route=\/wp\/v2\/pages\/30\/revisions\/389"}],"wp:attachment":[{"href":"https:\/\/coines.com.ar\/index.php?rest_route=%2Fwp%2Fv2%2Fmedia&parent=30"}],"curies":[{"name":"wp","href":"https:\/\/api.w.org\/{rel}","templated":true}]}}