{"id":29,"date":"2021-05-24T15:35:15","date_gmt":"2021-05-24T18:35:15","guid":{"rendered":"http:\/\/190.7.19.51\/~coines864\/?page_id=29"},"modified":"2025-01-16T12:03:45","modified_gmt":"2025-01-16T15:03:45","slug":"home","status":"publish","type":"page","link":"https:\/\/coines.com.ar\/","title":{"rendered":"Inicio"},"content":{"rendered":"\n\n\n<p><span style=\"font-size: 19px; line-height: 107%; font-family: Calibri, sans-serif;\">Nuestra\nmisi\u00f3n es, a trav\u00e9s de una pol\u00edtica de gesti\u00f3n integrada, darle un correcto tratamiento\na los residuos s\u00f3lidos urbanos generados por los departamentos que nos\nintegran, teniendo como objetivo principal el cuidado sustentable del ambiente.<\/span><\/p>\n\n\n<p><span style=\"font-size: 19px; line-height: 107%; font-family: Calibri, sans-serif;\">Implementar\nsistemas de Gesti\u00f3n Integral de Residuos S\u00f3lidos Urbanos ambientalmente\nseguros, a fin de contribuir\na mejorar la salud p\u00fablica y la calidad de vida de la poblaci\u00f3n, minimizando el\nimpacto que generamos en el ambiente.<\/span><\/p>\n\n\n<p><span style=\"font-size: 18px; line-height: 107%; font-family: Calibri, sans-serif;\">Los residuos son pesados y registrados, en el relleno sanitario son descargados. Se distribuyen los residuos en celdas, se compactan con un rodillo vibrante y se cubren con una capa de suelo para evitar procesos qu\u00edmicos al aire libre. Al d\u00eda\nsiguiente son hidratados para favorecer procesos aer\u00f3bicos.<\/span><\/p>\n\n\n\n\n<h2>Estamos comprometidos a proteger y mejorar nuestro ambiente<\/h2>\n\n\n\n\n<h4>Programa Grandes Generadores<\/h4>\n<p style=\"text-align: center;\"><span style=\"font-family: Calibri, sans-serif; font-size: 11pt;\"><sup style=\"font-size: medium;\">Organizamos\ny acompa\u00f1amos la gesti\u00f3n, el reciclaje y la disposici\u00f3n de los RSU de las\nempresas e industrias de la regi\u00f3n Este.<\/sup><\/span><\/p>\n<h4>Escuelas Verdes<\/h4>\n<p style=\"text-align: center;\"><span style=\"font-size:11.0pt;line-height:107%;\nfont-family:&quot;Calibri&quot;,sans-serif;mso-ascii-theme-font:minor-latin;mso-fareast-font-family:\nCalibri;mso-fareast-theme-font:minor-latin;mso-hansi-theme-font:minor-latin;\nmso-bidi-font-family:&quot;Times New Roman&quot;;mso-bidi-theme-font:minor-bidi;\nmso-ansi-language:ES-AR;mso-fareast-language:EN-US;mso-bidi-language:AR-SA\"><sup style=\"font-size: medium;\">Capacitamos\ny generamos conciencia en las escuelas primarias y secundarias, llevando\nformaciones en sustentabilidad y sostenibilidad, juegos con canciones y luego\nentregamos puntos verdes para la correcta separaci\u00f3n de los residuos. Este\nprograma se realiza Junto a los municipios.<\/sup><\/span><\/p>\n<h4>Economia Circular<\/h4>\n<p style=\"text-align: center;\"><span style=\"font-size:11.0pt;line-height:107%;\nfont-family:&quot;Calibri&quot;,sans-serif;mso-ascii-theme-font:minor-latin;mso-fareast-font-family:\nCalibri;mso-fareast-theme-font:minor-latin;mso-hansi-theme-font:minor-latin;\nmso-bidi-font-family:&quot;Times New Roman&quot;;mso-bidi-theme-font:minor-bidi;\nmso-ansi-language:ES-AR;mso-fareast-language:EN-US;mso-bidi-language:AR-SA\"><span style=\"font-size: medium;\"><sup style=\"font-size: medium;\">Organizamos\njornadas y actividades para visibilizar la importancia de la econom\u00eda circular. <br>Venimos acompa\u00f1ando talleres textiles a trav\u00e9s de los puntos verdes.<\/sup><\/span><\/span><\/p>\n<h4>Programa de Recolecci\u00f3n Diferenciada y separaci\u00f3n en Origenes<\/h4>\n<p style=\"text-align: center;\"><span style=\"font-size:11.0pt;line-height:107%;\nfont-family:&quot;Calibri&quot;,sans-serif;mso-ascii-theme-font:minor-latin;mso-fareast-font-family:\nCalibri;mso-fareast-theme-font:minor-latin;mso-hansi-theme-font:minor-latin;\nmso-bidi-font-family:&quot;Times New Roman&quot;;mso-bidi-theme-font:minor-bidi;\nmso-ansi-language:ES-AR;mso-fareast-language:EN-US;mso-bidi-language:AR-SA\"><sup style=\"font-size: medium;\">Promovemos campa\u00f1as para la separaci\u00f3n en los domicilios junto a los\nmunicipios, transformando la forma de gestionar RSU en toda la regi\u00f3n.<\/sup><\/span><\/p>\n\n\n<h4>Visitas Guiadas a la planta<\/h4>\n<p class=\"MsoListParagraph\" style=\"text-align: center;\"><span style=\"font-size:11.0pt;line-height:107%;\nfont-family:&quot;Calibri&quot;,sans-serif;mso-ascii-theme-font:minor-latin;mso-fareast-font-family:\nCalibri;mso-fareast-theme-font:minor-latin;mso-hansi-theme-font:minor-latin;\nmso-bidi-font-family:&quot;Times New Roman&quot;;mso-bidi-theme-font:minor-bidi;\nmso-ansi-language:ES-AR;mso-fareast-language:EN-US;mso-bidi-language:AR-SA\"><sup style=\"font-size: medium;\">Recibimos\ninstituciones educativas y de cualquier \u00edndole en nuestra planta para mostrar\nel trabajo correcto del relleno sanitario y procesos de compostaje.<\/sup><\/span><\/p>\n<h4>Impacto Social<\/h4>\n<p class=\"MsoListParagraph\" style=\"text-align: center;\"><span style=\"font-size:11.0pt;line-height:107%;\nfont-family:&quot;Calibri&quot;,sans-serif;mso-ascii-theme-font:minor-latin;mso-fareast-font-family:\nCalibri;mso-fareast-theme-font:minor-latin;mso-hansi-theme-font:minor-latin;\nmso-bidi-font-family:&quot;Times New Roman&quot;;mso-bidi-theme-font:minor-bidi;\nmso-ansi-language:ES-AR;mso-fareast-language:EN-US;mso-bidi-language:AR-SA\"><span style=\"font-size: medium;\"><sup style=\"font-size: medium;\">Acompa\u00f1amos\na las cooperativas de recuperadores para visibilizar y dignificar su trabajo en\ntoda la regi\u00f3n. Ayudamos en la formaci\u00f3n de las mismas donde no existen.\u200b\u200b\u200b\u200b\u200b\u200b\u200b\u200b \u200b\u200b\u200b\u200b\u200b\u200b\u200b<\/sup><\/span><br><br><\/span><\/p>\n<h4>Puntos Verdes<\/h4>\n<p style=\"text-align: center;\"><span style=\"font-size:11.0pt;line-height:107%;\nfont-family:&quot;Calibri&quot;,sans-serif;mso-ascii-theme-font:minor-latin;mso-fareast-font-family:\nCalibri;mso-fareast-theme-font:minor-latin;mso-hansi-theme-font:minor-latin;\nmso-bidi-font-family:&quot;Times New Roman&quot;;mso-bidi-theme-font:minor-bidi;\nmso-ansi-language:ES-AR;mso-fareast-language:EN-US;mso-bidi-language:AR-SA\"><sup style=\"font-size: medium;\">Gestionamos\ny organizamos junto a los municipios la colocaci\u00f3n y visibilizaci\u00f3n de puntos\nverdes para la separaci\u00f3n de residuos en toda la regi\u00f3n.<\/sup><\/span><\/p>\n<h4>Promotores Ambientales<\/h4>\n<p style=\"text-align: center;\"><span style=\"font-size:11.0pt;line-height:107%;\nfont-family:&quot;Calibri&quot;,sans-serif;mso-ascii-theme-font:minor-latin;mso-fareast-font-family:\nCalibri;mso-fareast-theme-font:minor-latin;mso-hansi-theme-font:minor-latin;\nmso-bidi-font-family:&quot;Times New Roman&quot;;mso-bidi-theme-font:minor-bidi;\nmso-ansi-language:ES-AR;mso-fareast-language:EN-US;mso-bidi-language:AR-SA\"><sup style=\"font-size: medium;\">Coordinamos\njunto a la municipalidad de Rivadavia un voluntariado de promoci\u00f3n ambiental\npara impulsar el desarrollo sostenible en el departamento.<\/sup><\/span><\/p>\n\n\n\n\n<h2>Pensando en el futuro<\/h2>\n\n\n<p><span style=\"font-size: 11pt; line-height: 107%; font-family: Calibri, sans-serif; color: rgb(255, 255, 255);\"><span style=\"font-size: 18px;\">Es\nel conjunto de especies de un \u00e1rea determinada que interact\u00faan entre ellas y\ncon su ambiente. Es fundamental, para todos nosotros, cuidar de \u00e9l.<\/span><\/span><\/p>\n\n\n<p><span style=\"line-height: 107%;\"><span style=\"color: rgb(255, 255, 255);\"><span style=\"font-size: 16px;\"><span style=\"font-size: 15px;\">Producida por la luz o por calor del sol. Inagotable y renovable. No\nemite gases efecto invernadero, por lo que no contribuye al calentamiento\nglobal.&nbsp;<\/span><\/span><\/span><strong><\/strong><\/span><\/p>\n\n\n<p><span style=\"font-size: 17px; line-height: 107%; font-family: Calibri, sans-serif; color: rgb(255, 255, 255);\">Combustibles no f\u00f3siles, derivados de biomasa o materia org\u00e1nica (biodiesel, el biogas y los bioalcoholes). Ofrecen mayor seguridad, emiten\nmenor cantidad de gases efecto invernadero, baja la demanda de petr\u00f3leo.<\/span><\/p>\n\n\n<p><span style=\"font-size: 16px; line-height: 107%; font-family: Calibri, sans-serif; color: rgb(255, 255, 255);\"><span style=\"font-size: 17px;\">Separaci\u00f3n de los materiales que pueden ser\nreutilizados de los que no (el residuos org\u00e1nicos para generar\ncompost, o el pl\u00e1stico, papel, carton, vidrio, hojalata para ser reciclados o\nrevalorizados) <\/span>.<\/span><\/p>\n\n\n\n\n\n\n\n\n\n\n<h4 style=\"color: rgb(255, 255, 255);\"><span style=\"color: #000000ff; font-family: Montserrat, sans-serif; font-size: 40px; text-align: left; \">Desarrollo Sostenible es satisfacer las necesidades del presente, sin comprometer la capacidad de las generaciones futuras.<\/span><\/h4>\n<p>Nuestra misi\u00f3n es ser un instrumento de la gesti\u00f3n integral de los residuos s\u00f3lidos urbanos, que mejore la calidad de vida de los habitantes de la Zona Este, en el marco de la protecci\u00f3n del medio ambiente y del desarrollo sustentable<\/p>\n\n\n\n\n\n\n\n<h2>Links de Inter\u00e9s<\/h2>\n\n\n\n\n\n\n\n\n\n\n\n\n\n\n\n\n\n\n\n\n\n\n\n\n\n","protected":false},"excerpt":{"rendered":"","protected":false},"author":0,"featured_media":0,"parent":0,"menu_order":0,"comment_status":"closed","ping_status":"closed","template":"","meta":{"pagelayer_contact_templates":[],"_pagelayer_content":"","footnotes":""},"class_list":["post-29","page","type-page","status-publish","hentry"],"_links":{"self":[{"href":"https:\/\/coines.com.ar\/index.php?rest_route=\/wp\/v2\/pages\/29","targetHints":{"allow":["GET"]}}],"collection":[{"href":"https:\/\/coines.com.ar\/index.php?rest_route=\/wp\/v2\/pages"}],"about":[{"href":"https:\/\/coines.com.ar\/index.php?rest_route=\/wp\/v2\/types\/page"}],"replies":[{"embeddable":true,"href":"https:\/\/coines.com.ar\/index.php?rest_route=%2Fwp%2Fv2%2Fcomments&post=29"}],"version-history":[{"count":78,"href":"https:\/\/coines.com.ar\/index.php?rest_route=\/wp\/v2\/pages\/29\/revisions"}],"predecessor-version":[{"id":416,"href":"https:\/\/coines.com.ar\/index.php?rest_route=\/wp\/v2\/pages\/29\/revisions\/416"}],"wp:attachment":[{"href":"https:\/\/coines.com.ar\/index.php?rest_route=%2Fwp%2Fv2%2Fmedia&parent=29"}],"curies":[{"name":"wp","href":"https:\/\/api.w.org\/{rel}","templated":true}]}}