{"id":27,"date":"2021-05-24T15:35:15","date_gmt":"2021-05-24T18:35:15","guid":{"rendered":"http:\/\/190.7.19.51\/~coines864\/?page_id=27"},"modified":"2024-12-23T13:40:32","modified_gmt":"2024-12-23T16:40:32","slug":"our-mission","status":"publish","type":"page","link":"https:\/\/coines.com.ar\/?page_id=27","title":{"rendered":"Generadores Privados"},"content":{"rendered":"\n\n\n<h2>Generadores Privados<\/h2>\n\n\n\n\n<p class=\"MsoNormal\" align=\"center\" style=\"margin-bottom: 0.0001pt; text-align: left; line-height: normal;\"><strong> RESOLUCI\u00d3N N.\u00aa 10\/2024\n<\/strong><\/p>\n<p class=\"MsoNormal\" align=\"center\" style=\"margin-bottom: 0.0001pt; text-align: left; line-height: normal;\">Visto:\n<\/p>\n<p class=\"MsoNormal\" align=\"center\" style=\"margin-bottom:0cm;margin-bottom:.0001pt;\ntext-align:center;line-height:normal\">&nbsp; &nbsp; &nbsp; &nbsp; &nbsp; &nbsp; &nbsp; &nbsp; El acta de reuni\u00f3n de consejo de administraci\u00f3n con fecha del 20 de agosto del 2024, reunido\nen la sede del CIC del distrito de La Dormida, departamento de Santa Rosa, Mendoza, con el\nquorum reglamentario, en concordancia con el punto n\u00famero 5 del orden del d\u00eda correspondiente,\nen donde ser resuelve aprobar nuevo plan de Grandes Generadores de Residuos (RSU) y;<br><br><\/p>\n<p class=\"MsoNormal\" align=\"center\" style=\"margin-bottom: 0.0001pt; text-align: left; line-height: normal;\"><span style=\"text-align: left;\">Considerando:&nbsp;<\/span><\/p>\n<p class=\"MsoNormal\" align=\"center\" style=\"margin-bottom: 0.0001pt; text-align: left; line-height: normal;\"><span style=\"text-align: left;\"><\/span><br><span style=\"text-align: left;\">Que los residuos generados por las actividades industriales, comerciales y de prestaci\u00f3n de\nservicios (a los fines de COINES denominados \u201cGeneradores Privados o Grandes Generadores\u201d),\npueden presentar diversas caracter\u00edsticas f\u00edsicas como qu\u00edmicas. En funci\u00f3n de estas, los podemos\nclasificar como asimilables a residuos domiciliarios o como residuos alcanzados por la Ley Nacional\nde Residuos Peligrosos Nro. 24.051. Estos residuos, clasificados como Peligrosos o Especiales, no\npueden ser recibidos por COINES, salvo que, previamente, reciban un procesamiento que\nlos transforme en residuos no peligrosos. A los efectos de diferenciar los residuos que pueden ser\naceptados por este Consorcio para su disposici\u00f3n final, se ha puesto en funcionamiento el\nprograma Recepci\u00f3n de Residuos S\u00f3lidos a Grandes Generadores Privados, que integrar los\naspectos t\u00e9cnicos, legales y administrativos de control de calidad de los residuos.&nbsp;<\/span><\/p>\n<p>Que el objeto de este procedimiento es brindar un nuevo servicio a las empresas, industrias y\ncomercios de la zona este cuyos residuos, por volumen o procedencia, no son considerados\ndomiciliarios. Es de destacar que existe una gran necesidad por parte de estos generadores, que,\nactualmente, para poder disponer sus residuos, deben transportarlos al relleno de El Borboll\u00f3n,\ndepartamento de Las Heras. Estas empresas no solo necesitan disponer adecuadamente sus\nresiduos por leyes vigentes, sino que, adem\u00e1s, requieren la certificaci\u00f3n de tal disposici\u00f3n final\ndentro de las normativas existentes. En el Centro de Disposici\u00f3n Final, ubicado en calle Galigniana\ndel distrito de Los Huarpes, Rivadavia, est\u00e1n dadas las condiciones para dotar de este servicio a la\ncomunidad requirente.<\/p>\n<p>Por todo lo descripto, para complementar y aportar a una regi\u00f3n sustentable, sin basurales a cielo\nabierto y con empresas, gobiernos y comunidad comprometidas en desarrollo sostenible, vamos\na sumar a las cooperativas de recuperadores urbanos y\/o grupos organizados de recuperadores\npara que sean actores centrales en la cadena del reciclaje con centros de separaci\u00f3n, acopio\ny comercializaci\u00f3n. En ese sentido las empresas que demuestren una buena pr\u00e1ctica de separaci\u00f3n\ny con compromiso ambiental y social (punto 5), se les entregar\u00e1 un remito especial donde se\nllevar\u00e1 un registro de tipo y cantidad de materiales. <\/p>\n<p>Certificaci\u00f3n de Impacto: \u201cSello Empresa Sostenible del Este\u201d <\/p>\n<p>Adem\u00e1s, quienes garanticen buenas pr\u00e1cticas sustentables y sostenibles en materia de gesti\u00f3n de\nRSU (s\u00f3lo entran en el proceso de certificaci\u00f3n de Impacto del Plan de separaci\u00f3n y Reciclaje los\nGrandes Generadores comprendidos en el art. 5 inc. b), podr\u00e1n acceder a dos tipos de\nCertificaciones especiales \u201cSello de Impacto Positivo como empresa Sostenible y sustentable de la\nregi\u00f3n\u201d que se otorgar\u00e1 en distintos niveles previo a un proceso de evaluaci\u00f3n t\u00e9cnica de todo el\nproceso de gesti\u00f3n de RSU ( Anexo 2) <br><br><\/p>\n<p><strong>&nbsp;Se resuelve:<\/strong><\/p>\n<p><strong>Art\u00edculo 1\u00ba: Gran Generado<\/strong><\/p>\n<p>A los efectos de la presente resoluci\u00f3n se denomina GRANDES GENERADORES a aquellos\ncomercios o industrias que producen residuos s\u00f3lidos urbanos que habitualmente superen 200 Kg.\no 0,400 m3 por recogida.<\/p>\n<p>No est\u00e1n comprendidas en la presente resoluci\u00f3n, aquellos residuos provenientes de edificios de\npropiedad horizontal o similares edificaciones, countries y\/o barrios cerrados. <br><br><\/p>\n<p><strong>Art\u00edculo 2\u00ba: Registro<\/strong><\/p>\n<p>&nbsp; &nbsp; &nbsp; &nbsp; &nbsp; &nbsp; &nbsp; &nbsp; &nbsp; &nbsp;<span style=\"color: rgba(15, 12, 12, 0.96);\"><strong>inciso a-<\/strong>&nbsp;Las empresas, locales comerciales, industrias deber\u00e1n comunicarse con el COINES\ny completar el registro inicial a trav\u00e9s de un formulario de inscripci\u00f3n. Cada Generador Privado\nque quiera remitir sus residuos al Centro de Disposici\u00f3n final de COINES deber\u00e1 completar el\nformulario Solicitud de Disposici\u00f3n Final de Residuos, el mismo ttendr\u00e1 car\u00e1cter de declaraci\u00f3n\njurada.<\/span><strong>&nbsp;<\/strong><\/p>\n<p>&nbsp; &nbsp; &nbsp; &nbsp; &nbsp; &nbsp; &nbsp; &nbsp; &nbsp; &nbsp;<strong>inciso b-<\/strong> El formulario estar\u00e1 disponible en las oficinas del COINES y el mismo puede ser\nsolicitado, v\u00eda mail y llenado de manera online. En el mismo deben detallarse datos referidos al\ngenerador, materias primas empleadas, procesos de generaci\u00f3n de residuos y descripci\u00f3n de los\nresiduos cuya disposici\u00f3n final se solicita. Asimismo, deben declararse los transportistas que el\ngenerador contratar\u00e1 para enviar sus residuos al centro de disposici\u00f3n, con los datos de estos.\nLa suscripci\u00f3n de este formulario por parte de los responsables de las empresas generadora\ny transportista establece un principio de corresponsabilidad para ambos actores (seg\u00fan\nconste en el remito correspondiente) en cuanto a la calidad de los residuos que finalmente se\nremitan a su disposici\u00f3n final. Luego de la presentaci\u00f3n del formulario, y adjuntada la\ndocumentaci\u00f3n que en el mismo se requiere, COINES efectuar\u00e1 una inspecci\u00f3n en origen.&nbsp;<\/p>\n<p>&nbsp; &nbsp; &nbsp; &nbsp; &nbsp; &nbsp; &nbsp; &nbsp; &nbsp; &nbsp;<strong>inciso c-<\/strong> Una vez aprobados y autorizados los registros de la preinscripci\u00f3n, por el equipo\nt\u00e9cnico del consorcio, la empresa pasar\u00e1 a ser parte del registro formalmente con un n\u00famero de\nasignaci\u00f3n identificatorio y deber\u00e1 retirar un talonario de remitos (que se ir\u00e1 completando con\nlos ingresos a la planta).&nbsp;<br><\/p>\n<p><strong>Art\u00edculo 3\u00ba: Entrega de RSU<\/strong>&nbsp;&nbsp;<\/p>\n<p>&nbsp; &nbsp; &nbsp; &nbsp; &nbsp; &nbsp; &nbsp; &nbsp; &nbsp; &nbsp;Con el remito en mano ya podr\u00e1n disponer de residuos en la planta Centro de Disposici\u00f3n\nFinal del COINES, donde se har\u00e1 constar el tipo de materiales y cantidad de los mismos al ingreso\na la planta. En cada traslado los residuos se pesar\u00e1n y controlar\u00e1n por el personal t\u00e9cnico de la\nplanta, se registrar\u00e1 en el remito de ingreso y podr\u00e1n acceder al relleno sanitario. Todos los\nresiduos aprobados se complementan con un control t\u00e9cnico administrativo una vez que el\nveh\u00edculo ingresa al Centro de Disposici\u00f3n Final. En caso de que los residuos ingresantes no se\ncorrespondan con los previamente autorizados, ser\u00e1n rechazados y habilita a COINES cumplir con\nsus prerrogativas y hacer cumplir a las empresas generadoras y transportistas con las exigencias\nde la legislaci\u00f3n vigente. Si los residuos transportados se condicen con los declarados en el Remito\nde Ingreso, se procede al pesaje del equipo y luego se le indica la zona de descarga. Una vez\nrealizada la descarga de los residuos, el veh\u00edculo se dirige a la zona de pesaje en donde se verifica\nque la descarga de residuos haya sido total, de ser as\u00ed, se pesa el equipo para obtener el neto y se\nle entrega el Remito firmado y completo al chofer.&nbsp;&nbsp;<br><\/p>\n<p><strong>Art\u00edculo 4\u00ba: Pago de tarifas por tonelada y entrega de certificado de disposici\u00f3n final:<\/strong><\/p>\n<p><strong><\/strong>&nbsp; &nbsp; &nbsp; &nbsp; &nbsp; &nbsp; &nbsp; &nbsp; &nbsp; &nbsp;Una vez recibidos los residuos en la planta conforme a los art\u00edculos anteriores se proceder\u00e1\nal cobro de los residuos que se gestionaron el centro de disposici\u00f3n final del COINES. \n&nbsp;&nbsp;<\/p>\n<p>Con la copia del remito el \u00e1rea de administraci\u00f3n del consorcio enviar\u00e1 la factura a la empresa para\nque \u00e9ste pueda realizar la transferencia del pago a la cuenta del COINES, que ser\u00e1 oficialmente\ninformada previamente al momento de la inscripci\u00f3n de la empresa. El valor para los meses de\nSetiembre y octubre ser\u00e1 de $26.000 (veintis\u00e9is mil pesos, con 00\/100) final IVA inclu\u00eddo, con una\nactualizaci\u00f3n bimestral de acuerdo con el \u00edndice inflacionario. Asimismo, se enviar\u00e1 el certificado\nde disposici\u00f3n final con toda la informaci\u00f3n de los residuos dispuestos.&nbsp;<\/p>\n<p><strong>Art\u00edculo 5\u00ba: &#8211; Incentivo por separaci\u00f3n y reciclaje:<\/strong><\/p>\n<p>&nbsp; &nbsp; &nbsp; &nbsp; &nbsp; &nbsp; &nbsp; &nbsp; &nbsp; &nbsp;Las empresas que decidan tener una pol\u00edtica ambiental sustentable hacia el interior de la\nmisma podr\u00e1n comunicarlo al consorcio para recibir una consultor\u00eda de esa pr\u00e1ctica y tener valores\nespeciales en la tarifa por cada tonelada que disponga al COINES.&nbsp;<\/p>\n<p>&nbsp; &nbsp; &nbsp; &nbsp; &nbsp; &nbsp; &nbsp; &nbsp; &nbsp; &nbsp;Si la empresa ya cuenta con un equipo que trabaje la separaci\u00f3n de los residuos a partir de\nuna pol\u00edtica de sustentabilidad o una buena pr\u00e1ctica sostenible y desde esta pol\u00edtica decide llevar\nal centro de disposici\u00f3n final los Residuos separados en tres grandes tipos que se especifican en el\nAnexo 1 tendr\u00e1n un valor diferenciado de la tarifa.&nbsp;&nbsp;<\/p>\n<p>&nbsp; &nbsp; &nbsp; &nbsp; &nbsp; &nbsp; &nbsp; &nbsp; &nbsp; <strong>&nbsp;inciso a-<\/strong> Si el Gran generador decide separar los RSU (en la forma que se indica en el Anexo\n1) y llevarlos al CDF en tres grupos separados e identificados, tendr\u00e1 una reducci\u00f3n del pago del\n50% de la tarifa correspondiente al valor de la tonelada. Luego se entrega el CDF (Certificado de\ndisposici\u00f3n final).&nbsp;&nbsp;<\/p>\n<p>&nbsp; &nbsp; &nbsp; &nbsp; &nbsp; &nbsp; &nbsp; &nbsp; &nbsp; &nbsp;<strong>inciso b-<\/strong> Si el Gran Generador decide separar los RSU (en la forma que se indica en el Anexo\n1) y coordinar con una de las Cooperativas de Recicladores Registradas por el COINES, para la\nentrega de los residuos Secos o inorg\u00e1nicos y garantiza o acuerda la log\u00edstica con la cooperativa.\nLa empresa s\u00f3lo llevar\u00e1 al CDF los materiales org\u00e1nicos y los No reciclables. En ese caso tendr\u00e1 una\nreducci\u00f3n del pago del 50% del valor de la tarifa por tonelada que llega al CDF. En estos supuestos\nel COINES entregar\u00e1 el CDF (Certificado de disposici\u00f3n final) por todos los residuos generados\nincluidos los entregados a la cooperativa&nbsp;&nbsp;<br><br><\/p>\n<p><strong>Art\u00edculo 6\u00ba: &#8211; Certificaci\u00f3n de Impacto<\/strong><\/p>\n<p>El COINES fomentar\u00e1 que las organizaciones privadas de la Regi\u00f3n Este incorporen metas que\ntiendan a cero residuos y que a trav\u00e9s de las pr\u00e1cticas que implementen para lograrlo no solo se\ncontengan los impactos ambientales negativos, sino que se generen impactos ambientales\npositivos aportando diferentes metas de los ODS 11, ODS 12, ODS 8 y ODS 14 y 15. A dichos efectos\nse proceder\u00e1 seg\u00fan el Anexo 2 de la presente resoluci\u00f3n.<br><br><\/p>\n<p><strong>&nbsp;Art\u00edculo 7\u00ba &#8211;<\/strong>: Comun\u00edquese a quien corresponda y arch\u00edvese.<\/p>\n<p><strong>ANEXO 1\n<\/strong><\/p>\n<p>Tipo y Separaci\u00f3n de los RSU<\/p>\n<p>\nLa separaci\u00f3n en la pol\u00edtica ambiental que lleva a cabo el COINES es de tres grandes grupos\nde RSU:\n<\/p>\n<p>Por un lado, los residuos inorg\u00e1nicos o secos (a), por otro lado los residuos org\u00e1nicos que\nprovienen de la tierra en estado natural (b) y por \u00faltimo los no reciclables (c)\n<\/p>\n<p>a- Residuos secos o inorg\u00e1nicos: Este tipo de residuos tardan m\u00e1s tiempo en degradarse,\nsin embargo, la gran mayor\u00eda son de materiales reciclables, tal como el cart\u00f3n, vidrio, textil eso\ncuero, deben estar limpios y secos; se recuperan para generar experiencias de econom\u00eda circular\no regresan al proceso productivo de industrias locales (en pocos casos) o de fuera de Mendoza.\nEn este caso son los materiales que gestionan y comercializan las cooperativas de recicladores\n<\/p>\n<p>b- Residuos org\u00e1nicos: Se refiere a los residuos biodegradables que tienen la capacidad de\ndegradarse en poco tiempo para transformarse en otra materia org\u00e1nica. Aqu\u00ed se encuentran los\nresiduos de comida (sin cocinar ni preparar) como cascaras de frutas o cascarones de huevo, restos\nde verdura, c\u00e1scaras de fruta, semillas, saquitos de t\u00e9, filtros, residuos de jardiner\u00eda o poda.\n<\/p>\n<p>c- Residuos No reciclables: Se identifican por ser desechos que no se pueden volver a usar\npara, principalmente, evitar infecciones, aquello que no se puede reutilizar y s\u00ed es basura, por\nejemplo, papel de ba\u00f1o, toallas sanitarias pa\u00f1uelos desechables, sobrantes de comida, colillas de\ncigarros, envolturas met\u00e1licas sucias, pa\u00f1ales.\n<\/p>\n<p>d- El COINES podr\u00e1 recibir separados, los residuos electr\u00f3nicos y el\u00e9ctricos (RAEE) y definir\nsu disposici\u00f3n final.\n<\/p>\n<p>e- Para el caso de los neum\u00e1ticos\/cubiertas de autos de derivados del petr\u00f3leo, tambi\u00e9n se\npodr\u00e1n recibir siempre y cuando no se mezclen en el transporte con otros residuos.\n<\/p>\n<p><strong>ANEXO 2\n<\/strong><\/p>\n<p>&nbsp; &nbsp; &nbsp; &nbsp; &nbsp; &nbsp; &nbsp; &nbsp; &nbsp; &nbsp;Certificaci\u00f3n de Impacto: \u201cSello Empresa Sostenible del Este\u201d\n<\/p>\n<p>&nbsp; &nbsp; &nbsp; &nbsp; &nbsp; &nbsp; &nbsp; &nbsp; &nbsp; &nbsp;1) Alcance: Cualquier empresa (definida como gran Generador o no), de la zona Este de\nMendoza (Santa Rosa, La Paz, San Mart\u00edn, Jun\u00edn y Rivadavia) que desee participar y certifique a su\nmembres\u00eda seg\u00fan sus caracter\u00edsticas.\n<\/p>\n<p>&nbsp; &nbsp; &nbsp; &nbsp; &nbsp; &nbsp; &nbsp; &nbsp; &nbsp; &nbsp;2) Objetivo Espec\u00edficos:\n<\/p>\n<p>&nbsp; &nbsp; &nbsp; &nbsp; &nbsp; &nbsp; &nbsp; &nbsp; &nbsp; &nbsp;<strong>\u2022<\/strong> Reconocer a las organizaciones privadas comprometidas en la mejora continua de la\ngesti\u00f3n de los residuos\n<\/p>\n<p>&nbsp; &nbsp; &nbsp; &nbsp; &nbsp; &nbsp; &nbsp; &nbsp; &nbsp; &nbsp;<strong>\u2022 <\/strong>Universalizar la implementaci\u00f3n de buenas pr\u00e1cticas de gesti\u00f3n de residuos a todo tipo de\norganizaci\u00f3n privada.\n<\/p>\n<p>&nbsp; &nbsp; &nbsp; &nbsp; &nbsp; &nbsp; &nbsp; &nbsp; &nbsp; &nbsp;<strong>\u2022 <\/strong>Impulsar la inversi\u00f3n privada en pr\u00e1cticas de econom\u00eda circular\n<\/p>\n<p>&nbsp; &nbsp; &nbsp; &nbsp; &nbsp; &nbsp; &nbsp; &nbsp; &nbsp; &nbsp;<strong>\u2022<\/strong> Dar visibilidad al trabajo llevado a cabo por las cooperativas y su rol en el sistema de gesti\u00f3n\nde residuos de la zona Este.\n<\/p>\n<p>&nbsp; &nbsp; &nbsp; &nbsp; &nbsp; &nbsp; &nbsp; &nbsp; &nbsp; <strong>&nbsp;\u2022<\/strong> Promocionar la funci\u00f3n de las cooperativas como un servicio para las organizaciones\nprivadas y p\u00fablicas que genera impacto e innovaci\u00f3n social.\n<\/p>\n<p>&nbsp; &nbsp; &nbsp; &nbsp; &nbsp; &nbsp; &nbsp; &nbsp; &nbsp; &nbsp;<strong>\u2022 <\/strong>Evitar la formaci\u00f3n y el crecimiento de basurales a cielo abierto.\n<\/p>\n<p>&nbsp; &nbsp; &nbsp; &nbsp; &nbsp; &nbsp; &nbsp; &nbsp; &nbsp; &nbsp;<strong>\u2022 <\/strong>Fortalecer el trabajo de las cooperativas mediante el acceso a materiales de buena calidad.<\/p>\n<p>&nbsp; &nbsp; &nbsp; &nbsp; &nbsp; &nbsp; &nbsp; &nbsp; &nbsp; &nbsp;3) Niveles de Certificaci\u00f3n (Sellos):<\/p>\n<p>&nbsp; &nbsp; &nbsp; &nbsp; &nbsp; &nbsp; &nbsp; &nbsp; &nbsp; &nbsp;&#8211; Miembros Aplicantes: Empresas (grandes generadores o no)\n<\/p>\n<p>&nbsp; &nbsp; &nbsp; &nbsp; &nbsp; &nbsp; &nbsp; &nbsp; &nbsp; &nbsp;Implementar\u00e1n Buenas Pr\u00e1cticas Gesti\u00f3n y separaci\u00f3n de Residuos S\u00f3lidos y Urbanos (RSU),\nadem\u00e1s correcta disposici\u00f3n de Residuos Peligrosos, residuos especiales como neum\u00e1ticos,\naparatos electr\u00f3nicos, etc. Compromiso de reducci\u00f3n de residuos con destino final al CDF del\nCOINES.\n<\/p>\n<p>&nbsp; &nbsp; &nbsp; &nbsp; &nbsp; &nbsp; &nbsp; &nbsp; &nbsp; &nbsp;<strong>\u2022<\/strong> Miembros que pueden aplicar a Sello Verde (nivel oro):<\/p>\n<p>&nbsp; &nbsp; &nbsp; &nbsp; &nbsp; &nbsp; &nbsp; &nbsp; &nbsp; &nbsp;Para obtener el sello \u201cVerde\u201d (de primer nivel) deber\u00e1 reportar peri\u00f3dicamente corrientes de\nresiduo, vol\u00famenes y disposiciones finales, y separar los mismos articulando con las\nCooperativas u organizaciones de recuperadores dela zona (informaci\u00f3n que se proveer\u00e1 desde el\nconsorcio) para la entrega de los RSU Inorg\u00e1nicos, dicha acci\u00f3n ser\u00e1 verificada con una\nauditor\u00eda.\n<\/p>\n<p>&nbsp; &nbsp; &nbsp; &nbsp; &nbsp; &nbsp; &nbsp; &nbsp; &nbsp; &nbsp;Realizar un Aporte Anual (ver cuadro) que ser\u00e1 destinado a la promoci\u00f3n ambiental en su lugar\nde incidencia.\n<\/p>\n<p>&nbsp; &nbsp; &nbsp; &nbsp; &nbsp; &nbsp; &nbsp; &nbsp; &nbsp; &nbsp;Tal cual se implementar\u00e1 con las buenas pr\u00e1cticas quienes tengan el sello tambi\u00e9n acceder\u00e1n\nal descuento del 50% del valor por toneladas que dispongan en el CDF.\n<\/p>\n<p>&nbsp; &nbsp; &nbsp; &nbsp; &nbsp; &nbsp; &nbsp; &nbsp; &nbsp; &nbsp;El Consorcio aportar\u00e1 los equipos t\u00e9cnicos-profesionales para el asesoramiento y consultor\u00eda,\nla auditor\u00eda y de ser necesario capacitaciones.\n<\/p>\n<p>&nbsp; &nbsp; &nbsp; &nbsp; &nbsp; &nbsp; &nbsp; &nbsp; &nbsp; &nbsp;<strong>\u2022<\/strong> Miembros que pueden aplicar a Sello Azul (nivel plata)\n<\/p>\n<p>&nbsp; &nbsp; &nbsp; &nbsp; &nbsp; &nbsp; &nbsp; &nbsp; &nbsp; &nbsp;Para obtener el sello \u201cAzul\u201d (de segundo nivel) deber\u00e1 reportar peri\u00f3dicamente corrientes de\nresiduo, vol\u00famenes y disposiciones finales, y separar los mismos, dicha acci\u00f3n ser\u00e1 verificada con\nuna auditor\u00eda.\n<\/p>\n<p>&nbsp; &nbsp; &nbsp; &nbsp; &nbsp; &nbsp; &nbsp; &nbsp; &nbsp; &nbsp;Realizar un Aporte Anual (ver cuadro) que ser\u00e1 destinado a la promoci\u00f3n ambiental en su lugar\nde incidencia.\n<\/p>\n<p>&nbsp; &nbsp; &nbsp; &nbsp; &nbsp; &nbsp; &nbsp; &nbsp; &nbsp; &nbsp;Implementaci\u00f3n Buenas Pr\u00e1cticas de Gesti\u00f3n de RSU en un rango de 70% al 80% de los\nresiduos generados mediante un proceso de separaci\u00f3n. Esto disminuir\u00e1 considerablemente el\ndestino final en el centro de disposici\u00f3n final del COINES. Articulaci\u00f3n log\u00edstica con los RU\n(recuperadores urbanos), Los recuperadores urbanos pueden ir a buscar los materiales (residuos\ninorg\u00e1nicos) a la empresa.\n<\/p>\n<p>&nbsp; &nbsp; &nbsp; &nbsp; &nbsp; &nbsp; &nbsp; &nbsp; &nbsp; &nbsp;Tal cual se implementar\u00e1 con las buenas pr\u00e1cticas quienes tengan el sello tambi\u00e9n acceder\u00e1n\nal descuento del 50% del valor por toneladas que dispongan en el CDF.\n<\/p>\n<p>&nbsp; &nbsp; &nbsp; &nbsp; &nbsp; &nbsp; &nbsp; &nbsp; &nbsp; &nbsp;El Consorcio aportar\u00e1 los equipos t\u00e9cnicos-profesionales para el asesoramiento y consultor\u00eda,\nla auditor\u00eda y de ser necesario capacitaciones.\n<\/p>\n<p>&nbsp; &nbsp; &nbsp; &nbsp; &nbsp; &nbsp; &nbsp; &nbsp; &nbsp; &nbsp;En caso de que la Empresa no est\u00e9 considerada como un Gran Generador y quiera acceder a\nlos Sellos (Verde o Azul) puede hacerlo sin la necesidad de llevar los residuos org\u00e1nicos y No\nreciclables al CDF, en ese caso debe garantizar que la recolecci\u00f3n de los mismos sea municipal o\nuna empresa de contendores contratada para tal fin; pero que esos residuos se dispongan en forma\nadecuada.\n<\/p>\n<p>&nbsp; &nbsp; &nbsp; &nbsp; &nbsp; &nbsp; &nbsp; &nbsp; &nbsp; &nbsp;Valores de las membres\u00edas y\/o sellos:\n<\/p>\n<p>&nbsp; &nbsp; &nbsp; &nbsp; &nbsp; &nbsp; &nbsp; &nbsp; &nbsp; &nbsp;Los valores anuales para aplicar a los sellos de sostenibilidad incluyen: auditor\u00eda,\nasesoramiento y consultor\u00eda del equipo t\u00e9cnico\/profesional y pueden optar por una capacitaci\u00f3n al\npersonal de la empresa. Dichos valores determinados para el a\u00f1o 2024, se adecuar\u00e1 anualmente de\nacuerdo con el \u00edndice de inflaci\u00f3n, a saber:\n<\/p>\n<p>Sello Verde:\n<\/p>\n<p style=\"text-align: center;\"><img decoding=\"async\" src=\"http:\/\/207.191.165.3:81\/wp-content\/uploads\/2024\/12\/image.png\" style=\"color: rgba(15, 12, 12, 0.96);\"><\/p>\n<p>Sello Azul:\n<\/p>\n<p style=\"text-align: center;\"><img decoding=\"async\" src=\"http:\/\/207.191.165.3:81\/wp-content\/uploads\/2024\/12\/image-1.png\"><\/p>\n\n\n\n\n\n\n","protected":false},"excerpt":{"rendered":"","protected":false},"author":0,"featured_media":0,"parent":0,"menu_order":0,"comment_status":"closed","ping_status":"closed","template":"","meta":{"pagelayer_contact_templates":[],"_pagelayer_content":"","footnotes":""},"class_list":["post-27","page","type-page","status-publish","hentry"],"_links":{"self":[{"href":"https:\/\/coines.com.ar\/index.php?rest_route=\/wp\/v2\/pages\/27","targetHints":{"allow":["GET"]}}],"collection":[{"href":"https:\/\/coines.com.ar\/index.php?rest_route=\/wp\/v2\/pages"}],"about":[{"href":"https:\/\/coines.com.ar\/index.php?rest_route=\/wp\/v2\/types\/page"}],"replies":[{"embeddable":true,"href":"https:\/\/coines.com.ar\/index.php?rest_route=%2Fwp%2Fv2%2Fcomments&post=27"}],"version-history":[{"count":31,"href":"https:\/\/coines.com.ar\/index.php?rest_route=\/wp\/v2\/pages\/27\/revisions"}],"predecessor-version":[{"id":342,"href":"https:\/\/coines.com.ar\/index.php?rest_route=\/wp\/v2\/pages\/27\/revisions\/342"}],"wp:attachment":[{"href":"https:\/\/coines.com.ar\/index.php?rest_route=%2Fwp%2Fv2%2Fmedia&parent=27"}],"curies":[{"name":"wp","href":"https:\/\/api.w.org\/{rel}","templated":true}]}}